{"id":1630,"date":"2024-10-17T21:09:54","date_gmt":"2024-10-18T00:09:54","guid":{"rendered":"https:\/\/municipiodelobos.gob.ar\/turismo\/?page_id=1630"},"modified":"2026-04-01T13:48:03","modified_gmt":"2026-04-01T16:48:03","slug":"alojamientos-3","status":"publish","type":"page","link":"https:\/\/municipiodelobos.gob.ar\/turismo\/alojamientos-3\/","title":{"rendered":"Alojamientos"},"content":{"rendered":"<p><span><img loading=\"lazy\" decoding=\"async\" alt=\"\" data-id=\"1903\" width=\"150\" data-init-width=\"422\" height=\"80\" data-init-height=\"225\" title=\"\" loading=\"lazy\" src=\"https:\/\/municipiodelobos.gob.ar\/turismo\/wp-content\/uploads\/2024\/10\/logomunig-blanco.png\" data-width=\"150\" data-height=\"80\" style=\"aspect-ratio: auto 422 \/ 225;\"><\/span><span><img loading=\"lazy\" decoding=\"async\" alt=\"\" data-id=\"1903\" width=\"0\" data-init-width=\"422\" height=\"0\" data-init-height=\"225\" title=\"\" loading=\"lazy\" src=\"https:\/\/municipiodelobos.gob.ar\/turismo\/wp-content\/uploads\/2024\/10\/logomunig-blanco.png\" data-width=\"0\" data-height=\"0\" style=\"aspect-ratio: auto 422 \/ 225;\"><\/span><\/p>\n<p style=\"text-align: center;\"><strong>ALOJAMIENTOS<\/strong><\/p>\n<p style=\"text-align: center;\">Tranquilidad rural y energ\u00eda moderna.<\/p>\n<p><a href=\"https:\/\/municipiodelobos.gob.ar\/turismo\/actividades\" rel=\"\" style=\"\"><\/p>\n<p style=\"text-align: center;\"><strong>Actividades<\/strong><\/p>\n<p><\/a><a href=\"https:\/\/municipiodelobos.gob.ar\/turismo\/gastronomia\" rel=\"\" style=\"\"><\/p>\n<p style=\"text-align: center;\"><strong>Gastronom\u00eda<\/strong><\/p>\n<p><\/a><a href=\"https:\/\/municipiodelobos.gob.ar\/turismo\/turismo-rural\/\" rel=\"\" style=\"\"><\/p>\n<p style=\"text-align: center;\"><strong>Experiencias Rurales<\/strong><\/p>\n<p><\/a><a href=\"https:\/\/municipiodelobos.gob.ar\/turismo\/actividades\" rel=\"\" style=\"\"><\/p>\n<p style=\"text-align: center;\"><strong>Actividades<\/strong><\/p>\n<p><\/a><a href=\"https:\/\/municipiodelobos.gob.ar\/turismo\/gastronomia\" rel=\"\" style=\"\"><\/p>\n<p style=\"text-align: center;\"><strong>Gastronom\u00eda<\/strong><\/p>\n<p><\/a><a href=\"https:\/\/municipiodelobos.gob.ar\/turismo\/turismo-rural\/\" rel=\"\" style=\"\"><\/p>\n<p style=\"text-align: center;\"><strong>Experiencias Rurales<\/strong><\/p>\n<p><\/a><\/p>\n<p style=\"text-align: center;\"><strong>Secciones<\/strong><\/p>\n<p style=\"text-align: center;\"><strong>Seguinos<\/strong><\/p>\n<p><a href=\"https:\/\/www.instagram.com\/turismolobos\" target=\"_blank\" rel=\"nofollow\" data-id=\"icon-instagram\"><span>                     <\/span><\/a><\/p>\n<p style=\"text-align: center;\"><strong>Turismo Lobos<\/strong><\/p>\n<p style=\"\">Lobos, se encuentra ubicado a 100 Km de la Ciudad de Buenos Aires. Con opciones para disfrutar durante todo el a\u00f1o y que sea Lobos tu destino a elegir.<\/p>\n<p><span><img loading=\"lazy\" decoding=\"async\" alt=\"\" data-id=\"436\" width=\"99\" data-init-width=\"500\" height=\"16\" data-init-height=\"83\" title=\"estrellasturis\" loading=\"lazy\" src=\"https:\/\/municipiodelobos.gob.ar\/turismo\/wp-content\/uploads\/2024\/09\/estrellasturis.png\" data-width=\"99\" data-height=\"16\" style=\"aspect-ratio: auto 500 \/ 83;\"><\/span><\/p>\n<p style=\"\"><strong>Turismo Lobos<\/strong><\/p>\n<p style=\"\">Lobos, se encuentra ubicado a 100 Km de la Ciudad de Buenos Aires. Con opciones para disfrutar durante todo el a\u00f1o y que sea Lobos tu destino a elegir.<\/p>\n<p><span><img loading=\"lazy\" decoding=\"async\" alt=\"\" data-id=\"436\" width=\"99\" data-init-width=\"500\" height=\"16\" data-init-height=\"83\" title=\"estrellasturis\" loading=\"lazy\" src=\"https:\/\/municipiodelobos.gob.ar\/turismo\/wp-content\/uploads\/2024\/09\/estrellasturis.png\" data-width=\"99\" data-height=\"16\" style=\"aspect-ratio: auto 500 \/ 83;\"><\/span><\/p>\n<p style=\"\"><strong>Secciones<\/strong><\/p>\n<p style=\"\"><strong>Seguinos<\/strong><\/p>\n<p><a href=\"https:\/\/www.instagram.com\/turismolobos\" target=\"_blank\" rel=\"nofollow\" data-id=\"icon-instagram\"><span>                     <\/span><\/a><span><a href=\"https:\/\/municipiodelobos.gob.ar\/turismo\"><img loading=\"lazy\" decoding=\"async\" alt=\"\" data-id=\"1904\" width=\"126\" data-init-width=\"422\" height=\"67\" data-init-height=\"225\" title=\"\" loading=\"lazy\" src=\"https:\/\/municipiodelobos.gob.ar\/turismo\/wp-content\/uploads\/2024\/10\/logomunig-negro.png\" data-width=\"126\" data-height=\"67\" style=\"aspect-ratio: auto 422 \/ 225;\" data-link-wrap=\"true\"><\/a><\/span><\/p>\n<p style=\"text-align: center;\">\u00a9 Copyright 2024 &#8211; <strong>Turismo Lobos<\/strong> &#8211; Todos los derechos reservados.<\/p>\n","protected":false},"excerpt":{"rendered":"<p>ALOJAMIENTOS Tranquilidad rural y energ\u00eda moderna. Actividades Gastronom\u00eda Experiencias Rurales Actividades Gastronom\u00eda Experiencias Rurales Secciones Seguinos Turismo Lobos Lobos, se encuentra ubicado a 100 Km de la Ciudad de Buenos Aires. Con opciones para disfrutar durante todo el a\u00f1o y que sea Lobos tu destino a elegir. Turismo Lobos Lobos, se encuentra ubicado a 100 [&hellip;]<\/p>\n","protected":false},"author":1,"featured_media":0,"parent":0,"menu_order":0,"comment_status":"closed","ping_status":"closed","template":"","meta":{"_monsterinsights_skip_tracking":false,"_monsterinsights_sitenote_active":false,"_monsterinsights_sitenote_note":"","_monsterinsights_sitenote_category":0,"footnotes":""},"class_list":["post-1630","page","type-page","status-publish","hentry"],"yoast_head":"<!-- This site is optimized with the Yoast SEO plugin v25.5 - https:\/\/yoast.com\/wordpress\/plugins\/seo\/ -->\n<title>Alojamientos - Turismo Lobos<\/title>\n<meta name=\"robots\" content=\"noindex, follow, max-snippet:-1, max-image-preview:large, max-video-preview:-1\" \/>\n<meta property=\"og:locale\" content=\"es_ES\" \/>\n<meta property=\"og:type\" content=\"article\" \/>\n<meta property=\"og:title\" content=\"Alojamientos - Turismo Lobos\" \/>\n<meta property=\"og:description\" content=\"ALOJAMIENTOS Tranquilidad rural y energ\u00eda moderna. Actividades Gastronom\u00eda Experiencias Rurales Actividades Gastronom\u00eda Experiencias Rurales Secciones Seguinos Turismo Lobos Lobos, se encuentra ubicado a 100 Km de la Ciudad de Buenos Aires. Con opciones para disfrutar durante todo el a\u00f1o y que sea Lobos tu destino a elegir. Turismo Lobos Lobos, se encuentra ubicado a 100 [&hellip;]\" \/>\n<meta property=\"og:url\" content=\"https:\/\/municipiodelobos.gob.ar\/turismo\/alojamientos-3\/\" \/>\n<meta property=\"og:site_name\" content=\"Turismo Lobos\" \/>\n<meta property=\"article:modified_time\" content=\"2026-04-01T16:48:03+00:00\" \/>\n<meta property=\"og:image\" content=\"https:\/\/municipiodelobos.gob.ar\/turismo\/wp-content\/uploads\/2024\/10\/logomunig-blanco.png\" \/>\n<meta name=\"twitter:card\" content=\"summary_large_image\" \/>\n<meta name=\"twitter:label1\" content=\"Tiempo de lectura\" \/>\n\t<meta name=\"twitter:data1\" content=\"4 minutos\" \/>\n<script type=\"application\/ld+json\" class=\"yoast-schema-graph\">{\"@context\":\"https:\/\/schema.org\",\"@graph\":[{\"@type\":\"WebPage\",\"@id\":\"https:\/\/municipiodelobos.gob.ar\/turismo\/alojamientos-3\/\",\"url\":\"https:\/\/municipiodelobos.gob.ar\/turismo\/alojamientos-3\/\",\"name\":\"Alojamientos - Turismo Lobos\",\"isPartOf\":{\"@id\":\"https:\/\/municipiodelobos.gob.ar\/turismo\/#website\"},\"primaryImageOfPage\":{\"@id\":\"https:\/\/municipiodelobos.gob.ar\/turismo\/alojamientos-3\/#primaryimage\"},\"image\":{\"@id\":\"https:\/\/municipiodelobos.gob.ar\/turismo\/alojamientos-3\/#primaryimage\"},\"thumbnailUrl\":\"https:\/\/municipiodelobos.gob.ar\/turismo\/wp-content\/uploads\/2024\/10\/logomunig-blanco.png\",\"datePublished\":\"2024-10-18T00:09:54+00:00\",\"dateModified\":\"2026-04-01T16:48:03+00:00\",\"breadcrumb\":{\"@id\":\"https:\/\/municipiodelobos.gob.ar\/turismo\/alojamientos-3\/#breadcrumb\"},\"inLanguage\":\"es\",\"potentialAction\":[{\"@type\":\"ReadAction\",\"target\":[\"https:\/\/municipiodelobos.gob.ar\/turismo\/alojamientos-3\/\"]}]},{\"@type\":\"ImageObject\",\"inLanguage\":\"es\",\"@id\":\"https:\/\/municipiodelobos.gob.ar\/turismo\/alojamientos-3\/#primaryimage\",\"url\":\"https:\/\/municipiodelobos.gob.ar\/turismo\/wp-content\/uploads\/2024\/10\/logomunig-blanco.png\",\"contentUrl\":\"https:\/\/municipiodelobos.gob.ar\/turismo\/wp-content\/uploads\/2024\/10\/logomunig-blanco.png\",\"width\":422,\"height\":225},{\"@type\":\"BreadcrumbList\",\"@id\":\"https:\/\/municipiodelobos.gob.ar\/turismo\/alojamientos-3\/#breadcrumb\",\"itemListElement\":[{\"@type\":\"ListItem\",\"position\":1,\"name\":\"Portada\",\"item\":\"https:\/\/municipiodelobos.gob.ar\/turismo\/\"},{\"@type\":\"ListItem\",\"position\":2,\"name\":\"Alojamientos\"}]},{\"@type\":\"WebSite\",\"@id\":\"https:\/\/municipiodelobos.gob.ar\/turismo\/#website\",\"url\":\"https:\/\/municipiodelobos.gob.ar\/turismo\/\",\"name\":\"Turismo Lobos\",\"description\":\"Direcci\u00f3n de Turismo - Municipio de Lobos\",\"potentialAction\":[{\"@type\":\"SearchAction\",\"target\":{\"@type\":\"EntryPoint\",\"urlTemplate\":\"https:\/\/municipiodelobos.gob.ar\/turismo\/?s={search_term_string}\"},\"query-input\":{\"@type\":\"PropertyValueSpecification\",\"valueRequired\":true,\"valueName\":\"search_term_string\"}}],\"inLanguage\":\"es\"}]}<\/script>\n<!-- \/ Yoast SEO plugin. -->","yoast_head_json":{"title":"Alojamientos - Turismo Lobos","robots":{"index":"noindex","follow":"follow","max-snippet":"max-snippet:-1","max-image-preview":"max-image-preview:large","max-video-preview":"max-video-preview:-1"},"og_locale":"es_ES","og_type":"article","og_title":"Alojamientos - Turismo Lobos","og_description":"ALOJAMIENTOS Tranquilidad rural y energ\u00eda moderna. Actividades Gastronom\u00eda Experiencias Rurales Actividades Gastronom\u00eda Experiencias Rurales Secciones Seguinos Turismo Lobos Lobos, se encuentra ubicado a 100 Km de la Ciudad de Buenos Aires. Con opciones para disfrutar durante todo el a\u00f1o y que sea Lobos tu destino a elegir. Turismo Lobos Lobos, se encuentra ubicado a 100 [&hellip;]","og_url":"https:\/\/municipiodelobos.gob.ar\/turismo\/alojamientos-3\/","og_site_name":"Turismo Lobos","article_modified_time":"2026-04-01T16:48:03+00:00","og_image":[{"url":"https:\/\/municipiodelobos.gob.ar\/turismo\/wp-content\/uploads\/2024\/10\/logomunig-blanco.png","type":"","width":"","height":""}],"twitter_card":"summary_large_image","twitter_misc":{"Tiempo de lectura":"4 minutos"},"schema":{"@context":"https:\/\/schema.org","@graph":[{"@type":"WebPage","@id":"https:\/\/municipiodelobos.gob.ar\/turismo\/alojamientos-3\/","url":"https:\/\/municipiodelobos.gob.ar\/turismo\/alojamientos-3\/","name":"Alojamientos - Turismo Lobos","isPartOf":{"@id":"https:\/\/municipiodelobos.gob.ar\/turismo\/#website"},"primaryImageOfPage":{"@id":"https:\/\/municipiodelobos.gob.ar\/turismo\/alojamientos-3\/#primaryimage"},"image":{"@id":"https:\/\/municipiodelobos.gob.ar\/turismo\/alojamientos-3\/#primaryimage"},"thumbnailUrl":"https:\/\/municipiodelobos.gob.ar\/turismo\/wp-content\/uploads\/2024\/10\/logomunig-blanco.png","datePublished":"2024-10-18T00:09:54+00:00","dateModified":"2026-04-01T16:48:03+00:00","breadcrumb":{"@id":"https:\/\/municipiodelobos.gob.ar\/turismo\/alojamientos-3\/#breadcrumb"},"inLanguage":"es","potentialAction":[{"@type":"ReadAction","target":["https:\/\/municipiodelobos.gob.ar\/turismo\/alojamientos-3\/"]}]},{"@type":"ImageObject","inLanguage":"es","@id":"https:\/\/municipiodelobos.gob.ar\/turismo\/alojamientos-3\/#primaryimage","url":"https:\/\/municipiodelobos.gob.ar\/turismo\/wp-content\/uploads\/2024\/10\/logomunig-blanco.png","contentUrl":"https:\/\/municipiodelobos.gob.ar\/turismo\/wp-content\/uploads\/2024\/10\/logomunig-blanco.png","width":422,"height":225},{"@type":"BreadcrumbList","@id":"https:\/\/municipiodelobos.gob.ar\/turismo\/alojamientos-3\/#breadcrumb","itemListElement":[{"@type":"ListItem","position":1,"name":"Portada","item":"https:\/\/municipiodelobos.gob.ar\/turismo\/"},{"@type":"ListItem","position":2,"name":"Alojamientos"}]},{"@type":"WebSite","@id":"https:\/\/municipiodelobos.gob.ar\/turismo\/#website","url":"https:\/\/municipiodelobos.gob.ar\/turismo\/","name":"Turismo Lobos","description":"Direcci\u00f3n de Turismo - Municipio de Lobos","potentialAction":[{"@type":"SearchAction","target":{"@type":"EntryPoint","urlTemplate":"https:\/\/municipiodelobos.gob.ar\/turismo\/?s={search_term_string}"},"query-input":{"@type":"PropertyValueSpecification","valueRequired":true,"valueName":"search_term_string"}}],"inLanguage":"es"}]}},"_links":{"self":[{"href":"https:\/\/municipiodelobos.gob.ar\/turismo\/wp-json\/wp\/v2\/pages\/1630","targetHints":{"allow":["GET"]}}],"collection":[{"href":"https:\/\/municipiodelobos.gob.ar\/turismo\/wp-json\/wp\/v2\/pages"}],"about":[{"href":"https:\/\/municipiodelobos.gob.ar\/turismo\/wp-json\/wp\/v2\/types\/page"}],"author":[{"embeddable":true,"href":"https:\/\/municipiodelobos.gob.ar\/turismo\/wp-json\/wp\/v2\/users\/1"}],"replies":[{"embeddable":true,"href":"https:\/\/municipiodelobos.gob.ar\/turismo\/wp-json\/wp\/v2\/comments?post=1630"}],"version-history":[{"count":80,"href":"https:\/\/municipiodelobos.gob.ar\/turismo\/wp-json\/wp\/v2\/pages\/1630\/revisions"}],"predecessor-version":[{"id":4890,"href":"https:\/\/municipiodelobos.gob.ar\/turismo\/wp-json\/wp\/v2\/pages\/1630\/revisions\/4890"}],"wp:attachment":[{"href":"https:\/\/municipiodelobos.gob.ar\/turismo\/wp-json\/wp\/v2\/media?parent=1630"}],"curies":[{"name":"wp","href":"https:\/\/api.w.org\/{rel}","templated":true}]}}