{"id":2659,"date":"2025-09-16T14:59:15","date_gmt":"2025-09-16T17:59:15","guid":{"rendered":"https:\/\/municipiodelobos.gob.ar\/turismo\/?page_id=2659"},"modified":"2026-04-09T13:28:46","modified_gmt":"2026-04-09T16:28:46","slug":"informes","status":"publish","type":"page","link":"https:\/\/municipiodelobos.gob.ar\/turismo\/informes\/","title":{"rendered":"Informes Estadisticos"},"content":{"rendered":"<p>__CONFIG_edici\u00f3n_grupo__{}__CONFIG_edici\u00f3n_grupo__<span><img loading=\"lazy\" decoding=\"async\" alt=\"\" data-id=\"1903\" width=\"150\" data-init-width=\"422\" height=\"80\" data-init-height=\"225\" title=\"\" loading=\"lazy\" src=\"https:\/\/municipiodelobos.gob.ar\/turismo\/wp-content\/uploads\/2024\/10\/logomunig-blanco.png\" data-width=\"150\" data-height=\"80\" style=\"aspect-ratio: auto 422 \/ 225;\"><\/span><span><img loading=\"lazy\" decoding=\"async\" alt=\"\" data-id=\"1903\" width=\"0\" data-init-width=\"422\" height=\"0\" data-init-height=\"225\" title=\"\" loading=\"lazy\" src=\"https:\/\/municipiodelobos.gob.ar\/turismo\/wp-content\/uploads\/2024\/10\/logomunig-blanco.png\" data-width=\"0\" data-height=\"0\" style=\"aspect-ratio: auto 422 \/ 225;\"><\/span><\/p>\n<p style=\"text-align: center;\"><strong><span style=\"\">INFORMES<\/span> <span style=\"\">ESTAD\u00cdSTICOS<\/span><\/strong><\/p>\n<p data-end=\"633\" data-start=\"471\" style=\"\">En esta secci\u00f3n se publican los<strong> informes estad\u00edsticos<\/strong><strong> elaborados por la&nbsp;<\/strong><strong>Direcci\u00f3n de Turismo<\/strong>, correspondientes a cada mes y a fines de semana largos relevantes.<\/p>\n<p data-end=\"633\" data-start=\"471\" style=\"\">Los documentos incluyen datos sobre <strong>movimiento tur\u00edstico, niveles de ocupaci\u00f3n, perfil de visitantes y otros indicadores<\/strong> que permiten analizar la evoluci\u00f3n de la actividad en el destino.<\/p>\n<p data-end=\"1012\" data-start=\"835\" style=\"\">La informaci\u00f3n se actualiza peri\u00f3dicamente y tiene como objetivo brindar herramientas de consulta y an\u00e1lisis para el sector p\u00fablico, el sector privado y la comunidad en general.<\/p>\n<h3 style=\"\">Enero 2026<\/h3>\n<p style=\"\">En enero se registr\u00f3 un mayor flujo de visitantes, en relaci\u00f3n con el receso escolar y el per\u00edodo de vacaciones. La Laguna fue uno de los espacios m\u00e1s elegidos, y se acompa\u00f1\u00f3 esta demanda con una mayor frecuencia de actividades.<\/p>\n<h3 style=\"\">Febrero 2026<\/h3>\n<p style=\"\">Se registr\u00f3 un importante movimiento tur\u00edstico, impulsado por el clima favorable y la temporada estival, con especial protagonismo del fin de semana largo de Carnaval.<\/p>\n<h3 style=\"\">Febrero 2026 &#8211; Fin de semana largo: Carnaval<\/h3>\n<p style=\"\">El feriado de Carnaval fue el primer fin de semana largo del a\u00f1o, marcado por un buen clima general donde en las actividades participaron aproximadamente 4180 personas.<\/p>\n<h3 style=\"\">Marzo 2026&nbsp;<\/h3>\n<p style=\"\">El fin de semana largo mostr\u00f3 una respuesta muy positiva, con buenos niveles de ocupaci\u00f3n y participaci\u00f3n en las actividades propuestas.<\/p>\n<h3 style=\"\">Marzo 2026 &#8211; Fin de semana largo: Memoria por la Verdad y la Justicia<\/h3>\n<p style=\"\">Unas 100 personas participaron de las actividades de visitas guiadas con distintos circuitos.<\/p>\n<h3 style=\"\">Abril 2026 &#8211; Fin de semana largo: Semana Santa<\/h3>\n<p style=\"\">M\u00e1s de 50 personas participaron de las actividades propuestas.<\/p>\n<p><a href=\"https:\/\/municipiodelobos.gob.ar\/turismo\/actividades\" rel=\"\"><\/p>\n<p style=\"text-align: center;\"><strong>Actividades<\/strong><\/p>\n<p><\/a><a href=\"https:\/\/municipiodelobos.gob.ar\/turismo\/gastronomia\" rel=\"\"><\/p>\n<p style=\"text-align: center;\"><strong>Gastronom\u00eda<\/strong><\/p>\n<p><\/a><a href=\"https:\/\/municipiodelobos.gob.ar\/turismo\/alojamientos\" rel=\"\"><\/p>\n<p style=\"text-align: center;\"><strong>Alojamientos<\/strong><\/p>\n<p><\/a><a href=\"https:\/\/municipiodelobos.gob.ar\/turismo\/turismo-rural\/\" rel=\"\"><\/p>\n<p style=\"text-align: center;\"><strong>Experiencias Rurales<\/strong><\/p>\n<p><\/a><\/p>\n<p style=\"\"><strong>Turismo en Lobos<\/strong><\/p>\n<p style=\"\">Lobos, se encuentra ubicado a 100 Km de la Ciudad de Buenos Aires. Con opciones para disfrutar durante todo el a\u00f1o y que sea Lobos tu destino a elegir.<\/p>\n<p><span><img loading=\"lazy\" decoding=\"async\" alt=\"\" data-id=\"436\" width=\"99\" data-init-width=\"500\" height=\"16\" data-init-height=\"83\" title=\"estrellasturis\" loading=\"lazy\" src=\"https:\/\/municipiodelobos.gob.ar\/turismo\/wp-content\/uploads\/2024\/09\/estrellasturis.png\" data-width=\"99\" data-height=\"16\" style=\"aspect-ratio: auto 500 \/ 83;\"><\/span><\/p>\n<p style=\"\"><strong>Secciones<\/strong><\/p>\n<p style=\"\"><strong>Seguinos<\/strong><\/p>\n<p><a href=\"https:\/\/www.instagram.com\/turismolobos\" target=\"_blank\" rel=\"nofollow\" data-id=\"icon-instagram\"><span>                     <\/span><\/a><\/p>\n<p style=\"text-align: center;\"><strong>Secciones<\/strong><\/p>\n<p style=\"text-align: center;\"><strong>Seguinos<\/strong><\/p>\n<p><a href=\"https:\/\/www.instagram.com\/turismolobos\" target=\"_blank\" rel=\"nofollow\" data-id=\"icon-instagram\"><span>                     <\/span><\/a><\/p>\n<p style=\"text-align: center;\"><strong>Turismo en Lobos<\/strong><\/p>\n<p style=\"\">Lobos, se encuentra ubicado a 100 Km de la Ciudad de Buenos Aires. Con opciones para disfrutar durante todo el a\u00f1o y que sea Lobos tu destino a elegir.<\/p>\n<p><span><img loading=\"lazy\" decoding=\"async\" alt=\"\" data-id=\"436\" width=\"99\" data-init-width=\"500\" height=\"16\" data-init-height=\"83\" title=\"estrellasturis\" loading=\"lazy\" src=\"https:\/\/municipiodelobos.gob.ar\/turismo\/wp-content\/uploads\/2024\/09\/estrellasturis.png\" data-width=\"99\" data-height=\"16\" style=\"aspect-ratio: auto 500 \/ 83;\"><\/span><span><img loading=\"lazy\" decoding=\"async\" alt=\"\" data-id=\"1904\" width=\"126\" data-init-width=\"422\" height=\"67\" data-init-height=\"225\" title=\"\" loading=\"lazy\" src=\"https:\/\/municipiodelobos.gob.ar\/turismo\/wp-content\/uploads\/2024\/10\/logomunig-negro.png\" data-width=\"126\" data-height=\"67\" style=\"aspect-ratio: auto 422 \/ 225;\"><\/span><\/p>\n<p style=\"text-align: center;\">\u00a9 Copyright 2025 &#8211;&nbsp;<strong>Turismo Lobos<\/strong> &#8211; Todos los derechos reservados.<\/p>\n","protected":false},"excerpt":{"rendered":"<p>__CONFIG_edici\u00f3n_grupo__{}__CONFIG_edici\u00f3n_grupo__ INFORMES ESTAD\u00cdSTICOS En esta secci\u00f3n se publican los informes estad\u00edsticos elaborados por la&nbsp;Direcci\u00f3n de Turismo, correspondientes a cada mes y a fines de semana largos relevantes. Los documentos incluyen datos sobre movimiento tur\u00edstico, niveles de ocupaci\u00f3n, perfil de visitantes y otros indicadores que permiten analizar la evoluci\u00f3n de la actividad en el destino. La [&hellip;]<\/p>\n","protected":false},"author":1,"featured_media":0,"parent":0,"menu_order":0,"comment_status":"closed","ping_status":"closed","template":"","meta":{"_monsterinsights_skip_tracking":false,"_monsterinsights_sitenote_active":false,"_monsterinsights_sitenote_note":"","_monsterinsights_sitenote_category":0,"footnotes":""},"class_list":["post-2659","page","type-page","status-publish","hentry"],"yoast_head":"<!-- This site is optimized with the Yoast SEO plugin v25.5 - https:\/\/yoast.com\/wordpress\/plugins\/seo\/ -->\n<title>Informes Estadisticos - Turismo Lobos<\/title>\n<meta name=\"robots\" content=\"noindex, follow, max-snippet:-1, max-image-preview:large, max-video-preview:-1\" \/>\n<meta property=\"og:locale\" content=\"es_ES\" \/>\n<meta property=\"og:type\" content=\"article\" \/>\n<meta property=\"og:title\" content=\"Informes Estadisticos - Turismo Lobos\" \/>\n<meta property=\"og:description\" content=\"__CONFIG_edici\u00f3n_grupo__{}__CONFIG_edici\u00f3n_grupo__ INFORMES ESTAD\u00cdSTICOS En esta secci\u00f3n se publican los informes estad\u00edsticos elaborados por la&nbsp;Direcci\u00f3n de Turismo, correspondientes a cada mes y a fines de semana largos relevantes. Los documentos incluyen datos sobre movimiento tur\u00edstico, niveles de ocupaci\u00f3n, perfil de visitantes y otros indicadores que permiten analizar la evoluci\u00f3n de la actividad en el destino. La [&hellip;]\" \/>\n<meta property=\"og:url\" content=\"https:\/\/municipiodelobos.gob.ar\/turismo\/informes\/\" \/>\n<meta property=\"og:site_name\" content=\"Turismo Lobos\" \/>\n<meta property=\"article:modified_time\" content=\"2026-04-09T16:28:46+00:00\" \/>\n<meta property=\"og:image\" content=\"https:\/\/municipiodelobos.gob.ar\/turismo\/wp-content\/uploads\/2024\/10\/logomunig-blanco.png\" \/>\n<meta name=\"twitter:card\" content=\"summary_large_image\" \/>\n<script type=\"application\/ld+json\" class=\"yoast-schema-graph\">{\"@context\":\"https:\/\/schema.org\",\"@graph\":[{\"@type\":\"WebPage\",\"@id\":\"https:\/\/municipiodelobos.gob.ar\/turismo\/informes\/\",\"url\":\"https:\/\/municipiodelobos.gob.ar\/turismo\/informes\/\",\"name\":\"Informes Estadisticos - Turismo Lobos\",\"isPartOf\":{\"@id\":\"https:\/\/municipiodelobos.gob.ar\/turismo\/#website\"},\"primaryImageOfPage\":{\"@id\":\"https:\/\/municipiodelobos.gob.ar\/turismo\/informes\/#primaryimage\"},\"image\":{\"@id\":\"https:\/\/municipiodelobos.gob.ar\/turismo\/informes\/#primaryimage\"},\"thumbnailUrl\":\"https:\/\/municipiodelobos.gob.ar\/turismo\/wp-content\/uploads\/2024\/10\/logomunig-blanco.png\",\"datePublished\":\"2025-09-16T17:59:15+00:00\",\"dateModified\":\"2026-04-09T16:28:46+00:00\",\"breadcrumb\":{\"@id\":\"https:\/\/municipiodelobos.gob.ar\/turismo\/informes\/#breadcrumb\"},\"inLanguage\":\"es\",\"potentialAction\":[{\"@type\":\"ReadAction\",\"target\":[\"https:\/\/municipiodelobos.gob.ar\/turismo\/informes\/\"]}]},{\"@type\":\"ImageObject\",\"inLanguage\":\"es\",\"@id\":\"https:\/\/municipiodelobos.gob.ar\/turismo\/informes\/#primaryimage\",\"url\":\"https:\/\/municipiodelobos.gob.ar\/turismo\/wp-content\/uploads\/2024\/10\/logomunig-blanco.png\",\"contentUrl\":\"https:\/\/municipiodelobos.gob.ar\/turismo\/wp-content\/uploads\/2024\/10\/logomunig-blanco.png\",\"width\":422,\"height\":225},{\"@type\":\"BreadcrumbList\",\"@id\":\"https:\/\/municipiodelobos.gob.ar\/turismo\/informes\/#breadcrumb\",\"itemListElement\":[{\"@type\":\"ListItem\",\"position\":1,\"name\":\"Portada\",\"item\":\"https:\/\/municipiodelobos.gob.ar\/turismo\/\"},{\"@type\":\"ListItem\",\"position\":2,\"name\":\"Informes Estadisticos\"}]},{\"@type\":\"WebSite\",\"@id\":\"https:\/\/municipiodelobos.gob.ar\/turismo\/#website\",\"url\":\"https:\/\/municipiodelobos.gob.ar\/turismo\/\",\"name\":\"Turismo Lobos\",\"description\":\"Direcci\u00f3n de Turismo - Municipio de Lobos\",\"potentialAction\":[{\"@type\":\"SearchAction\",\"target\":{\"@type\":\"EntryPoint\",\"urlTemplate\":\"https:\/\/municipiodelobos.gob.ar\/turismo\/?s={search_term_string}\"},\"query-input\":{\"@type\":\"PropertyValueSpecification\",\"valueRequired\":true,\"valueName\":\"search_term_string\"}}],\"inLanguage\":\"es\"}]}<\/script>\n<!-- \/ Yoast SEO plugin. -->","yoast_head_json":{"title":"Informes Estadisticos - Turismo Lobos","robots":{"index":"noindex","follow":"follow","max-snippet":"max-snippet:-1","max-image-preview":"max-image-preview:large","max-video-preview":"max-video-preview:-1"},"og_locale":"es_ES","og_type":"article","og_title":"Informes Estadisticos - Turismo Lobos","og_description":"__CONFIG_edici\u00f3n_grupo__{}__CONFIG_edici\u00f3n_grupo__ INFORMES ESTAD\u00cdSTICOS En esta secci\u00f3n se publican los informes estad\u00edsticos elaborados por la&nbsp;Direcci\u00f3n de Turismo, correspondientes a cada mes y a fines de semana largos relevantes. Los documentos incluyen datos sobre movimiento tur\u00edstico, niveles de ocupaci\u00f3n, perfil de visitantes y otros indicadores que permiten analizar la evoluci\u00f3n de la actividad en el destino. La [&hellip;]","og_url":"https:\/\/municipiodelobos.gob.ar\/turismo\/informes\/","og_site_name":"Turismo Lobos","article_modified_time":"2026-04-09T16:28:46+00:00","og_image":[{"url":"https:\/\/municipiodelobos.gob.ar\/turismo\/wp-content\/uploads\/2024\/10\/logomunig-blanco.png","type":"","width":"","height":""}],"twitter_card":"summary_large_image","schema":{"@context":"https:\/\/schema.org","@graph":[{"@type":"WebPage","@id":"https:\/\/municipiodelobos.gob.ar\/turismo\/informes\/","url":"https:\/\/municipiodelobos.gob.ar\/turismo\/informes\/","name":"Informes Estadisticos - Turismo Lobos","isPartOf":{"@id":"https:\/\/municipiodelobos.gob.ar\/turismo\/#website"},"primaryImageOfPage":{"@id":"https:\/\/municipiodelobos.gob.ar\/turismo\/informes\/#primaryimage"},"image":{"@id":"https:\/\/municipiodelobos.gob.ar\/turismo\/informes\/#primaryimage"},"thumbnailUrl":"https:\/\/municipiodelobos.gob.ar\/turismo\/wp-content\/uploads\/2024\/10\/logomunig-blanco.png","datePublished":"2025-09-16T17:59:15+00:00","dateModified":"2026-04-09T16:28:46+00:00","breadcrumb":{"@id":"https:\/\/municipiodelobos.gob.ar\/turismo\/informes\/#breadcrumb"},"inLanguage":"es","potentialAction":[{"@type":"ReadAction","target":["https:\/\/municipiodelobos.gob.ar\/turismo\/informes\/"]}]},{"@type":"ImageObject","inLanguage":"es","@id":"https:\/\/municipiodelobos.gob.ar\/turismo\/informes\/#primaryimage","url":"https:\/\/municipiodelobos.gob.ar\/turismo\/wp-content\/uploads\/2024\/10\/logomunig-blanco.png","contentUrl":"https:\/\/municipiodelobos.gob.ar\/turismo\/wp-content\/uploads\/2024\/10\/logomunig-blanco.png","width":422,"height":225},{"@type":"BreadcrumbList","@id":"https:\/\/municipiodelobos.gob.ar\/turismo\/informes\/#breadcrumb","itemListElement":[{"@type":"ListItem","position":1,"name":"Portada","item":"https:\/\/municipiodelobos.gob.ar\/turismo\/"},{"@type":"ListItem","position":2,"name":"Informes Estadisticos"}]},{"@type":"WebSite","@id":"https:\/\/municipiodelobos.gob.ar\/turismo\/#website","url":"https:\/\/municipiodelobos.gob.ar\/turismo\/","name":"Turismo Lobos","description":"Direcci\u00f3n de Turismo - Municipio de Lobos","potentialAction":[{"@type":"SearchAction","target":{"@type":"EntryPoint","urlTemplate":"https:\/\/municipiodelobos.gob.ar\/turismo\/?s={search_term_string}"},"query-input":{"@type":"PropertyValueSpecification","valueRequired":true,"valueName":"search_term_string"}}],"inLanguage":"es"}]}},"_links":{"self":[{"href":"https:\/\/municipiodelobos.gob.ar\/turismo\/wp-json\/wp\/v2\/pages\/2659","targetHints":{"allow":["GET"]}}],"collection":[{"href":"https:\/\/municipiodelobos.gob.ar\/turismo\/wp-json\/wp\/v2\/pages"}],"about":[{"href":"https:\/\/municipiodelobos.gob.ar\/turismo\/wp-json\/wp\/v2\/types\/page"}],"author":[{"embeddable":true,"href":"https:\/\/municipiodelobos.gob.ar\/turismo\/wp-json\/wp\/v2\/users\/1"}],"replies":[{"embeddable":true,"href":"https:\/\/municipiodelobos.gob.ar\/turismo\/wp-json\/wp\/v2\/comments?post=2659"}],"version-history":[{"count":46,"href":"https:\/\/municipiodelobos.gob.ar\/turismo\/wp-json\/wp\/v2\/pages\/2659\/revisions"}],"predecessor-version":[{"id":4951,"href":"https:\/\/municipiodelobos.gob.ar\/turismo\/wp-json\/wp\/v2\/pages\/2659\/revisions\/4951"}],"wp:attachment":[{"href":"https:\/\/municipiodelobos.gob.ar\/turismo\/wp-json\/wp\/v2\/media?parent=2659"}],"curies":[{"name":"wp","href":"https:\/\/api.w.org\/{rel}","templated":true}]}}