{"id":459,"date":"2024-09-22T22:01:06","date_gmt":"2024-09-23T01:01:06","guid":{"rendered":"https:\/\/municipiodelobos.gob.ar\/turismo\/?page_id=459"},"modified":"2026-02-24T08:59:32","modified_gmt":"2026-02-24T11:59:32","slug":"inicio-video","status":"publish","type":"page","link":"https:\/\/municipiodelobos.gob.ar\/turismo\/","title":{"rendered":"Turismo Lobos"},"content":{"rendered":"<p><span><img loading=\"lazy\" decoding=\"async\" alt=\"\" data-id=\"1903\" width=\"150\" data-init-width=\"422\" height=\"80\" data-init-height=\"225\" title=\"\" loading=\"lazy\" src=\"https:\/\/municipiodelobos.gob.ar\/turismo\/wp-content\/uploads\/2024\/10\/logomunig-blanco.png\" data-width=\"150\" data-height=\"80\" style=\"aspect-ratio: auto 422 \/ 225;\"><\/span><span><img loading=\"lazy\" decoding=\"async\" alt=\"\" data-id=\"1903\" width=\"0\" data-init-width=\"422\" height=\"0\" data-init-height=\"225\" title=\"\" loading=\"lazy\" src=\"https:\/\/municipiodelobos.gob.ar\/turismo\/wp-content\/uploads\/2024\/10\/logomunig-blanco.png\" data-width=\"0\" data-height=\"0\" style=\"aspect-ratio: auto 422 \/ 225;\"><\/span><\/p>\n<p style=\"text-align: center;\"><strong>PARA\u00cdSO DE CONTRASTES<\/strong><\/p>\n<p style=\"text-align: center;\"><span style=\"font-weight: normal;\">Experiencias Imperdibles<\/span><\/p>\n<p style=\"text-align: center;\">Encontr\u00e1 todo lo que necesitas para disfrutar al m\u00e1ximo de la ciudad de Lobos.<\/p>\n<p><a href=\"https:\/\/municipiodelobos.gob.ar\/turismo\/actividades\" rel=\"\" style=\"\"><\/p>\n<p style=\"text-align: center; color: var(--tcb-color-3) !important; --tcb-applied-color: var$(--tcb-color-3) !important;\"><strong>Actividades<\/strong><\/p>\n<p><\/a><a href=\"https:\/\/municipiodelobos.gob.ar\/turismo\/gastronomia\" rel=\"\"><\/p>\n<p style=\"text-align: center; color: var(--tcb-color-3) !important; --tcb-applied-color: var$(--tcb-color-3) !important;\"><strong>Gastronom\u00eda<\/strong><\/p>\n<p><\/a><a href=\"https:\/\/municipiodelobos.gob.ar\/turismo\/alojamientos\" rel=\"\"><\/p>\n<p style=\"text-align: center; color: var(--tcb-color-3) !important; --tcb-applied-color: var$(--tcb-color-3) !important;\"><strong>Alojamientos<\/strong><\/p>\n<p><\/a><a href=\"https:\/\/municipiodelobos.gob.ar\/turismo\/experiencias-rurales\/\" rel=\"\" style=\"\"><\/p>\n<p style=\"text-align: center; color: var(--tcb-color-3) !important; --tcb-applied-color: var$(--tcb-color-3) !important;\"><strong>Experiencias Rurales<\/strong><\/p>\n<p><\/a><a href=\"https:\/\/municipiodelobos.gob.ar\/turismo\/actividades\/\" rel=\"\" style=\"\"><\/p>\n<p style=\"text-align: center;\"><strong>Actividades<\/strong><\/p>\n<p><\/a><a href=\"https:\/\/municipiodelobos.gob.ar\/turismo\/gastronomia\/\" rel=\"\"><\/p>\n<p style=\"text-align: center;\"><strong>Gastronom\u00eda<\/strong><\/p>\n<p><\/a><a href=\"https:\/\/municipiodelobos.gob.ar\/turismo\/alojamientos\/\" rel=\"\"><\/p>\n<p style=\"text-align: center;\"><strong>Alojamientos<\/strong><\/p>\n<p><\/a><a href=\"https:\/\/municipiodelobos.gob.ar\/turismo\/experiencias-rurales\" rel=\"\" style=\"\"><\/p>\n<p style=\"text-align: center;\"><strong>Experiencias Rurales<\/strong><\/p>\n<p><\/a><\/p>\n<p style=\"text-align: center;\"><span style=\"--tcb-text-highlight-color: transparent !important;\">Tradici\u00f3n<\/span><\/p>\n<p style=\"text-align: center;\"><span style=\"--tcb-text-highlight-color: transparent !important;\">Viva<\/span><\/p>\n<p style=\"text-align: center;\">Sabores &amp; Saberes<\/p>\n<p style=\"\">Turismo Lobos<\/p>\n<p style=\"\">El partido de Lobos, se encuentra ubicado a 100 Km de la Ciudad de Buenos Aires. Con opciones para disfrutar durante todo el a\u00f1o te invitamos a que Lobos sea tu destino a elegir.<\/p>\n<p><span><img loading=\"lazy\" decoding=\"async\" alt=\"\" data-id=\"436\" width=\"99\" data-init-width=\"500\" height=\"16\" data-init-height=\"83\" title=\"estrellasturis\" loading=\"lazy\" src=\"https:\/\/municipiodelobos.gob.ar\/turismo\/wp-content\/uploads\/2024\/09\/estrellasturis.png\" data-width=\"99\" data-height=\"16\" style=\"aspect-ratio: auto 500 \/ 83;\"><\/span><\/p>\n<p style=\"\">Secciones<\/p>\n<p style=\"\">Seguinos<\/p>\n<p><a href=\"https:\/\/www.instagram.com\/turismolobos\" target=\"_blank\" rel=\"nofollow\" data-id=\"icon-instagram\"><span>                     <\/span><\/a><\/p>\n<p style=\"text-align: center;\">Secciones<\/p>\n<p style=\"text-align: center;\">Seguinos<\/p>\n<p><a href=\"https:\/\/www.instagram.com\/turismolobos\" target=\"_blank\" rel=\"nofollow\" data-id=\"icon-instagram\"><span>                     <\/span><\/a><\/p>\n<p style=\"text-align: center;\">Turismo Lobos<\/p>\n<p style=\"\">El partido de Lobos, se encuentra ubicado a 100 Km de la Ciudad de Buenos Aires. Con opciones para disfrutar durante todo el a\u00f1o te invitamos a que Lobos sea tu destino a elegir.<\/p>\n<p><span><img loading=\"lazy\" decoding=\"async\" alt=\"\" data-id=\"436\" width=\"99\" data-init-width=\"500\" height=\"16\" data-init-height=\"83\" title=\"estrellasturis\" loading=\"lazy\" src=\"https:\/\/municipiodelobos.gob.ar\/turismo\/wp-content\/uploads\/2024\/09\/estrellasturis.png\" data-width=\"99\" data-height=\"16\" style=\"aspect-ratio: auto 500 \/ 83;\"><\/span><span><a href=\"https:\/\/municipiodelobos.gob.ar\/turismo\/\"><img loading=\"lazy\" decoding=\"async\" alt=\"\" data-id=\"1904\" width=\"126\" data-init-width=\"422\" height=\"67\" data-init-height=\"225\" title=\"\" loading=\"lazy\" src=\"https:\/\/municipiodelobos.gob.ar\/turismo\/wp-content\/uploads\/2024\/10\/logomunig-negro.png\" data-width=\"126\" data-height=\"67\" style=\"aspect-ratio: auto 422 \/ 225;\" data-link-wrap=\"true\"><\/a><\/span><\/p>\n<p style=\"text-align: center;\">\u00a9 Copyright 2024 &#8211; <strong>Turismo Lobos<\/strong> &#8211; Todos los derechos reservados.<\/p>\n","protected":false},"excerpt":{"rendered":"<p>PARA\u00cdSO DE CONTRASTES Experiencias Imperdibles Encontr\u00e1 todo lo que necesitas para disfrutar al m\u00e1ximo de la ciudad de Lobos. Actividades Gastronom\u00eda Alojamientos Experiencias Rurales Actividades Gastronom\u00eda Alojamientos Experiencias Rurales Tradici\u00f3n Viva Sabores &amp; Saberes Turismo Lobos El partido de Lobos, se encuentra ubicado a 100 Km de la Ciudad de Buenos Aires. Con opciones para [&hellip;]<\/p>\n","protected":false},"author":1,"featured_media":0,"parent":0,"menu_order":0,"comment_status":"closed","ping_status":"closed","template":"","meta":{"_monsterinsights_skip_tracking":false,"_monsterinsights_sitenote_active":false,"_monsterinsights_sitenote_note":"","_monsterinsights_sitenote_category":0,"footnotes":""},"class_list":["post-459","page","type-page","status-publish","hentry"],"yoast_head":"<!-- This site is optimized with the Yoast SEO plugin v25.5 - https:\/\/yoast.com\/wordpress\/plugins\/seo\/ -->\n<title>Turismo Lobos - Turismo Lobos<\/title>\n<meta name=\"robots\" content=\"noindex, follow, max-snippet:-1, max-image-preview:large, max-video-preview:-1\" \/>\n<meta property=\"og:locale\" content=\"es_ES\" \/>\n<meta property=\"og:type\" content=\"article\" \/>\n<meta property=\"og:title\" content=\"Turismo Lobos - Turismo Lobos\" \/>\n<meta property=\"og:description\" content=\"PARA\u00cdSO DE CONTRASTES Experiencias Imperdibles Encontr\u00e1 todo lo que necesitas para disfrutar al m\u00e1ximo de la ciudad de Lobos. Actividades Gastronom\u00eda Alojamientos Experiencias Rurales Actividades Gastronom\u00eda Alojamientos Experiencias Rurales Tradici\u00f3n Viva Sabores &amp; Saberes Turismo Lobos El partido de Lobos, se encuentra ubicado a 100 Km de la Ciudad de Buenos Aires. Con opciones para [&hellip;]\" \/>\n<meta property=\"og:url\" content=\"https:\/\/municipiodelobos.gob.ar\/turismo\/\" \/>\n<meta property=\"og:site_name\" content=\"Turismo Lobos\" \/>\n<meta property=\"article:modified_time\" content=\"2026-02-24T11:59:32+00:00\" \/>\n<meta property=\"og:image\" content=\"https:\/\/municipiodelobos.gob.ar\/turismo\/wp-content\/uploads\/2024\/10\/logomunig-blanco.png\" \/>\n<meta name=\"twitter:card\" content=\"summary_large_image\" \/>\n<meta name=\"twitter:label1\" content=\"Tiempo de lectura\" \/>\n\t<meta name=\"twitter:data1\" content=\"3 minutos\" \/>\n<script type=\"application\/ld+json\" class=\"yoast-schema-graph\">{\"@context\":\"https:\/\/schema.org\",\"@graph\":[{\"@type\":\"WebPage\",\"@id\":\"https:\/\/municipiodelobos.gob.ar\/turismo\/\",\"url\":\"https:\/\/municipiodelobos.gob.ar\/turismo\/\",\"name\":\"Turismo Lobos - Turismo Lobos\",\"isPartOf\":{\"@id\":\"https:\/\/municipiodelobos.gob.ar\/turismo\/#website\"},\"primaryImageOfPage\":{\"@id\":\"https:\/\/municipiodelobos.gob.ar\/turismo\/#primaryimage\"},\"image\":{\"@id\":\"https:\/\/municipiodelobos.gob.ar\/turismo\/#primaryimage\"},\"thumbnailUrl\":\"https:\/\/municipiodelobos.gob.ar\/turismo\/wp-content\/uploads\/2024\/10\/logomunig-blanco.png\",\"datePublished\":\"2024-09-23T01:01:06+00:00\",\"dateModified\":\"2026-02-24T11:59:32+00:00\",\"breadcrumb\":{\"@id\":\"https:\/\/municipiodelobos.gob.ar\/turismo\/#breadcrumb\"},\"inLanguage\":\"es\",\"potentialAction\":[{\"@type\":\"ReadAction\",\"target\":[\"https:\/\/municipiodelobos.gob.ar\/turismo\/\"]}]},{\"@type\":\"ImageObject\",\"inLanguage\":\"es\",\"@id\":\"https:\/\/municipiodelobos.gob.ar\/turismo\/#primaryimage\",\"url\":\"https:\/\/municipiodelobos.gob.ar\/turismo\/wp-content\/uploads\/2024\/10\/logomunig-blanco.png\",\"contentUrl\":\"https:\/\/municipiodelobos.gob.ar\/turismo\/wp-content\/uploads\/2024\/10\/logomunig-blanco.png\",\"width\":422,\"height\":225},{\"@type\":\"BreadcrumbList\",\"@id\":\"https:\/\/municipiodelobos.gob.ar\/turismo\/#breadcrumb\",\"itemListElement\":[{\"@type\":\"ListItem\",\"position\":1,\"name\":\"Portada\",\"item\":\"https:\/\/municipiodelobos.gob.ar\/turismo\/\"},{\"@type\":\"ListItem\",\"position\":2,\"name\":\"Turismo Lobos\"}]},{\"@type\":\"WebSite\",\"@id\":\"https:\/\/municipiodelobos.gob.ar\/turismo\/#website\",\"url\":\"https:\/\/municipiodelobos.gob.ar\/turismo\/\",\"name\":\"Turismo Lobos\",\"description\":\"Direcci\u00f3n de Turismo - Municipio de Lobos\",\"potentialAction\":[{\"@type\":\"SearchAction\",\"target\":{\"@type\":\"EntryPoint\",\"urlTemplate\":\"https:\/\/municipiodelobos.gob.ar\/turismo\/?s={search_term_string}\"},\"query-input\":{\"@type\":\"PropertyValueSpecification\",\"valueRequired\":true,\"valueName\":\"search_term_string\"}}],\"inLanguage\":\"es\"}]}<\/script>\n<!-- \/ Yoast SEO plugin. -->","yoast_head_json":{"title":"Turismo Lobos - Turismo Lobos","robots":{"index":"noindex","follow":"follow","max-snippet":"max-snippet:-1","max-image-preview":"max-image-preview:large","max-video-preview":"max-video-preview:-1"},"og_locale":"es_ES","og_type":"article","og_title":"Turismo Lobos - Turismo Lobos","og_description":"PARA\u00cdSO DE CONTRASTES Experiencias Imperdibles Encontr\u00e1 todo lo que necesitas para disfrutar al m\u00e1ximo de la ciudad de Lobos. Actividades Gastronom\u00eda Alojamientos Experiencias Rurales Actividades Gastronom\u00eda Alojamientos Experiencias Rurales Tradici\u00f3n Viva Sabores &amp; Saberes Turismo Lobos El partido de Lobos, se encuentra ubicado a 100 Km de la Ciudad de Buenos Aires. Con opciones para [&hellip;]","og_url":"https:\/\/municipiodelobos.gob.ar\/turismo\/","og_site_name":"Turismo Lobos","article_modified_time":"2026-02-24T11:59:32+00:00","og_image":[{"url":"https:\/\/municipiodelobos.gob.ar\/turismo\/wp-content\/uploads\/2024\/10\/logomunig-blanco.png","type":"","width":"","height":""}],"twitter_card":"summary_large_image","twitter_misc":{"Tiempo de lectura":"3 minutos"},"schema":{"@context":"https:\/\/schema.org","@graph":[{"@type":"WebPage","@id":"https:\/\/municipiodelobos.gob.ar\/turismo\/","url":"https:\/\/municipiodelobos.gob.ar\/turismo\/","name":"Turismo Lobos - Turismo Lobos","isPartOf":{"@id":"https:\/\/municipiodelobos.gob.ar\/turismo\/#website"},"primaryImageOfPage":{"@id":"https:\/\/municipiodelobos.gob.ar\/turismo\/#primaryimage"},"image":{"@id":"https:\/\/municipiodelobos.gob.ar\/turismo\/#primaryimage"},"thumbnailUrl":"https:\/\/municipiodelobos.gob.ar\/turismo\/wp-content\/uploads\/2024\/10\/logomunig-blanco.png","datePublished":"2024-09-23T01:01:06+00:00","dateModified":"2026-02-24T11:59:32+00:00","breadcrumb":{"@id":"https:\/\/municipiodelobos.gob.ar\/turismo\/#breadcrumb"},"inLanguage":"es","potentialAction":[{"@type":"ReadAction","target":["https:\/\/municipiodelobos.gob.ar\/turismo\/"]}]},{"@type":"ImageObject","inLanguage":"es","@id":"https:\/\/municipiodelobos.gob.ar\/turismo\/#primaryimage","url":"https:\/\/municipiodelobos.gob.ar\/turismo\/wp-content\/uploads\/2024\/10\/logomunig-blanco.png","contentUrl":"https:\/\/municipiodelobos.gob.ar\/turismo\/wp-content\/uploads\/2024\/10\/logomunig-blanco.png","width":422,"height":225},{"@type":"BreadcrumbList","@id":"https:\/\/municipiodelobos.gob.ar\/turismo\/#breadcrumb","itemListElement":[{"@type":"ListItem","position":1,"name":"Portada","item":"https:\/\/municipiodelobos.gob.ar\/turismo\/"},{"@type":"ListItem","position":2,"name":"Turismo Lobos"}]},{"@type":"WebSite","@id":"https:\/\/municipiodelobos.gob.ar\/turismo\/#website","url":"https:\/\/municipiodelobos.gob.ar\/turismo\/","name":"Turismo Lobos","description":"Direcci\u00f3n de Turismo - Municipio de Lobos","potentialAction":[{"@type":"SearchAction","target":{"@type":"EntryPoint","urlTemplate":"https:\/\/municipiodelobos.gob.ar\/turismo\/?s={search_term_string}"},"query-input":{"@type":"PropertyValueSpecification","valueRequired":true,"valueName":"search_term_string"}}],"inLanguage":"es"}]}},"_links":{"self":[{"href":"https:\/\/municipiodelobos.gob.ar\/turismo\/wp-json\/wp\/v2\/pages\/459","targetHints":{"allow":["GET"]}}],"collection":[{"href":"https:\/\/municipiodelobos.gob.ar\/turismo\/wp-json\/wp\/v2\/pages"}],"about":[{"href":"https:\/\/municipiodelobos.gob.ar\/turismo\/wp-json\/wp\/v2\/types\/page"}],"author":[{"embeddable":true,"href":"https:\/\/municipiodelobos.gob.ar\/turismo\/wp-json\/wp\/v2\/users\/1"}],"replies":[{"embeddable":true,"href":"https:\/\/municipiodelobos.gob.ar\/turismo\/wp-json\/wp\/v2\/comments?post=459"}],"version-history":[{"count":303,"href":"https:\/\/municipiodelobos.gob.ar\/turismo\/wp-json\/wp\/v2\/pages\/459\/revisions"}],"predecessor-version":[{"id":4037,"href":"https:\/\/municipiodelobos.gob.ar\/turismo\/wp-json\/wp\/v2\/pages\/459\/revisions\/4037"}],"wp:attachment":[{"href":"https:\/\/municipiodelobos.gob.ar\/turismo\/wp-json\/wp\/v2\/media?parent=459"}],"curies":[{"name":"wp","href":"https:\/\/api.w.org\/{rel}","templated":true}]}}