{"id":637,"date":"2024-10-04T01:51:10","date_gmt":"2024-10-04T04:51:10","guid":{"rendered":"https:\/\/municipiodelobos.gob.ar\/turismo\/?page_id=637"},"modified":"2025-07-30T13:53:23","modified_gmt":"2025-07-30T16:53:23","slug":"sabores-saberes","status":"publish","type":"page","link":"https:\/\/municipiodelobos.gob.ar\/turismo\/sabores-saberes\/","title":{"rendered":"Sabores &#038; Saberes"},"content":{"rendered":"\t\t<div data-elementor-type=\"wp-page\" data-elementor-id=\"637\" class=\"elementor elementor-637\">\n\t\t\t\t<div class=\"elementor-element elementor-element-11485c8d e-flex e-con-boxed e-con e-parent\" data-id=\"11485c8d\" data-element_type=\"container\">\n\t\t\t\t\t<div class=\"e-con-inner\">\n\t\t\t\t<div class=\"elementor-element elementor-element-2ccf27e elementor-widget elementor-widget-text-editor\" data-id=\"2ccf27e\" data-element_type=\"widget\" data-widget_type=\"text-editor.default\">\n\t\t\t\t<div class=\"elementor-widget-container\">\n\t\t\t\t\t\t\t\t\t<p><span style=\"font-weight: 400;\">A pesar de su tranquilidad, tiene una<\/span><b> vida cultural vibrante<\/b><span style=\"font-weight: 400;\">, impulsada por formaci\u00f3n accesible y una industria alimenticia que fusiona <\/span><b>tradici\u00f3n e innovaci\u00f3n.<\/b><\/p>\t\t\t\t\t\t\t\t<\/div>\n\t\t\t\t<\/div>\n\t\t\t\t<div class=\"elementor-element elementor-element-5463fbac elementor-widget elementor-widget-shortcode\" data-id=\"5463fbac\" data-element_type=\"widget\" data-widget_type=\"shortcode.default\">\n\t\t\t\t<div class=\"elementor-widget-container\">\n\t\t\t\t\t\t\t<div class=\"elementor-shortcode\">\r\n\t\t\t<div class=\"row margin-bottom-25\">\r\n\r\n\t\t\t\t\n\t<div class=\"col-md-3 col-xs-6\">\n\t\t<!-- Layout Switcher -->\n\t\t<div class=\"layout-switcher\">\n\t\t\t<a href=\"#\" data-layout=\"grid\" class=\"grid\"><i class=\"fa fa-th\"><\/i><\/a>\n\t\t\t<a href=\"#\" data-layout=\"list\" class=\"list\"><i class=\"fa fa-align-justify\"><\/i><\/a>\n\t\t<\/div>\n\t<\/div>\n\n\n<!-- Sorting \/ Layout Switcher -->\n\t<div class=\"col-md-9\">\n\t\t\t<div class=\"fullwidth-filters  ajax-search \">\n\n\t\t\t\n\t\t\t\n\t\t\t\t\t\t\t<!-- Sort by -->\n\t\t\t\t<div class=\"sort-by\">\n\t\t\t\t\t<div class=\"sort-by-select\">\n\t\t\t\t\t\t\t\t\t\t\t\t<select form=\"listeo_core-search-form\" name=\"listeo_core_order\" data-placeholder=\"Orden por defecto\" class=\"select2-sortby orderby\">\n\t\t\t\t\t\t\t<option  value=\"default\">Orden por Defecto<\/option>\n\t\t\t\t\t\t\t <option  value=\"highest-rated\">Mejor calificado<\/option>\t\t\t\t\t\t\t\t\t\t\t\t\t\t<option  value=\"date-desc\">Listados m\u00e1s nuevos<\/option>\t\t\t\t\t\t\t<option  value=\"date-asc\">Listados m\u00e1s viejos<\/option>\t\t\t\t\t\t\t<option  selected='selected' value=\"title\">Alfab\u00e9ticamente<\/option>\t\t\t\t\t\t\t<option  value=\"featured\">Destacado<\/option>\t\t\t\t\t\t\t<option  value=\"views\">M\u00e1s vistos<\/option>\t\t\t\t\t\t\t<option  value=\"verified\">Verificado<\/option>\t\t\t\t\t\t\t<option  value=\"upcoming-event\">Pr\u00f3ximo evento<\/option>\t\t\t\t\t\t\t<option  value=\"rand\">Random<\/option>\t\t\t\t\t\t<\/select>\n\t\t\t\t\t<\/div>\n\t\t\t\t<\/div>\n\t\t\t\t<!-- Sort by \/ End -->\n\t\t\t\n\t\t<\/div>\n\t\t<\/div>\t\t\t<\/div>\r\n\t\t<!-- Listings -->\r\n\r\n<div id=\"listeo-listings-container\" \r\ndata-counter=\"9\" \r\ndata-style=\"grid\"  \r\ndata-custom_class=\"\" \r\ndata-per_page=\"20\" \r\ndata-grid_columns=\"2\" \r\n data-region=\"\"  data-_listing_type=\"\"  data-category=\"saboressaberes\"  data-feature=\"\"  data-rental-category=\"\"  data-service-category=\"\"  data-event-category=\"\" class=\"row  ajax-search\">\r\n\t<div class=\"loader-ajax-container\" style=\"\"> <div class=\"loader-ajax\"><\/div> <\/div>\r\n<!-- Listing Item -->\r\n<div class=\"col-lg-6 col-md-12\"><a href=\"https:\/\/municipiodelobos.gob.ar\/turismo\/listing\/astroturismo-en-la-ciudad-2\/\" class=\"listing-item-container listing-geo-data\"  \r\n\t\tdata-title=\"Astroturismo en la Ciudad\"\r\n\t\tdata-listing-type=\"service\"\r\n\t\tdata-classifieds-price=\"&#36;\"\r\n\t\tdata-friendly-address=\"\"\r\n\t\tdata-address=\"Lobos, Partido de Lobos, Buenos Aires, Argentina\"\r\n\t\tdata-image=\"https:\/\/municipiodelobos.gob.ar\/turismo\/wp-content\/uploads\/2024\/10\/IMG-20220805-WA0089-520x397.jpg\"\r\n\t\tdata-longitude=\"-35.1861976\"\r\n\t\tdata-latitude=\"-59.09508533562332\"\r\n\t\t\t\tdata-icon=\"&lt;i class=&quot;fab fa-500px&quot;&gt;&lt;\/i&gt;\"\r\n\r\n\t>\r\n    <div class=\"listing-item  \">\r\n        \r\n        <div class=\"listing-small-badges-container\">\r\n             \r\n                                                            \r\n        <\/div>\r\n        <img fetchpriority=\"high\" decoding=\"async\" width=\"520\" height=\"397\" src=\"https:\/\/municipiodelobos.gob.ar\/turismo\/wp-content\/uploads\/2024\/10\/IMG-20220805-WA0089-520x397.jpg\" class=\"attachment-listeo-listing-grid size-listeo-listing-grid wp-post-image\" alt=\"\" \/>        \r\n                \r\n        <div class=\"listing-item-content\">\r\n\r\n                            <span class=\"tag\">Sabores &amp; Saberes<\/span>\r\n            \r\n            <h3>Astroturismo en la Ciudad <\/h3>\r\n            <span>Lobos, Partido de Lobos, Buenos Aires, Argentina<\/span>\r\n        <\/div>\r\n                            <span class=\"save like-icon tooltip left\"  title=\"Visitar\"  ><\/span>\r\n                            <\/div>\r\n    \r\n        \r\n<\/a>\r\n\r\n    <\/div>\r\n\r\n\r\n<!-- Listing Item \/ End --><!-- Listing Item -->\r\n<div class=\"col-lg-6 col-md-12\"><a href=\"https:\/\/municipiodelobos.gob.ar\/turismo\/listing\/astroturismo-en-la-laguna-2\/\" class=\"listing-item-container listing-geo-data\"  \r\n\t\tdata-title=\"Astroturismo en la Laguna\"\r\n\t\tdata-listing-type=\"service\"\r\n\t\tdata-classifieds-price=\"&#36;\"\r\n\t\tdata-friendly-address=\"Laguna de Lobos\"\r\n\t\tdata-address=\"Laguna de Lobos\"\r\n\t\tdata-image=\"https:\/\/municipiodelobos.gob.ar\/turismo\/wp-content\/uploads\/2024\/10\/IMG-20220108-WA0055-1-520x397.jpg\"\r\n\t\tdata-longitude=\"-35.2829093\"\r\n\t\tdata-latitude=\"-59.120883421136696\"\r\n\t\t\t\tdata-icon=\"&lt;i class=&quot;fab fa-500px&quot;&gt;&lt;\/i&gt;\"\r\n\r\n\t>\r\n    <div class=\"listing-item  \">\r\n        \r\n        <div class=\"listing-small-badges-container\">\r\n             \r\n                                                            \r\n        <\/div>\r\n        <img decoding=\"async\" width=\"520\" height=\"397\" src=\"https:\/\/municipiodelobos.gob.ar\/turismo\/wp-content\/uploads\/2024\/10\/IMG-20220108-WA0055-1-520x397.jpg\" class=\"attachment-listeo-listing-grid size-listeo-listing-grid wp-post-image\" alt=\"\" \/>        \r\n                \r\n        <div class=\"listing-item-content\">\r\n\r\n                            <span class=\"tag\">Sabores &amp; Saberes<\/span>\r\n            \r\n            <h3>Astroturismo en la Laguna <\/h3>\r\n            <span>Laguna de Lobos<\/span>\r\n        <\/div>\r\n                            <span class=\"save like-icon tooltip left\"  title=\"Visitar\"  ><\/span>\r\n                            <\/div>\r\n    \r\n        \r\n<\/a>\r\n\r\n    <\/div>\r\n\r\n\r\n<!-- Listing Item \/ End --><!-- Listing Item -->\r\n<div class=\"col-lg-6 col-md-12\"><a href=\"https:\/\/municipiodelobos.gob.ar\/turismo\/listing\/caminata-silvestre-laguna-de-lobos-2\/\" class=\"listing-item-container listing-geo-data\"  \r\n\t\tdata-title=\"Caminata Silvestre, Laguna de Lobos\"\r\n\t\tdata-listing-type=\"service\"\r\n\t\tdata-classifieds-price=\"&#36;\"\r\n\t\tdata-friendly-address=\"\"\r\n\t\tdata-address=\"Villa Loguercio, Cuartel Villa Loguercio, Partido de Lobos, Buenos Aires, B7240, Argentina\"\r\n\t\tdata-image=\"https:\/\/municipiodelobos.gob.ar\/turismo\/wp-content\/uploads\/2024\/10\/Imagen5-520x397.png\"\r\n\t\tdata-longitude=\"-35.2738037\"\r\n\t\tdata-latitude=\"-59.1350379\"\r\n\t\t\t\tdata-icon=\"&lt;i class=&quot;fab fa-500px&quot;&gt;&lt;\/i&gt;\"\r\n\r\n\t>\r\n    <div class=\"listing-item  \">\r\n        \r\n        <div class=\"listing-small-badges-container\">\r\n             \r\n                                                            \r\n        <\/div>\r\n        <img decoding=\"async\" width=\"520\" height=\"397\" src=\"https:\/\/municipiodelobos.gob.ar\/turismo\/wp-content\/uploads\/2024\/10\/Imagen5-520x397.png\" class=\"attachment-listeo-listing-grid size-listeo-listing-grid wp-post-image\" alt=\"\" \/>        \r\n                \r\n        <div class=\"listing-item-content\">\r\n\r\n                            <span class=\"tag\">Sabores &amp; Saberes<\/span>\r\n            \r\n            <h3>Caminata Silvestre, Laguna de Lobos <\/h3>\r\n            <span>Villa Loguercio, Cuartel Villa Loguercio, Partido de Lobos, Buenos Aires, B7240, Argentina<\/span>\r\n        <\/div>\r\n                            <span class=\"save like-icon tooltip left\"  title=\"Visitar\"  ><\/span>\r\n                            <\/div>\r\n    \r\n        \r\n<\/a>\r\n\r\n    <\/div>\r\n\r\n\r\n<!-- Listing Item \/ End --><!-- Listing Item -->\r\n<div class=\"col-lg-6 col-md-12\"><a href=\"https:\/\/municipiodelobos.gob.ar\/turismo\/listing\/caminata-silvestre-parque-municipal-2\/\" class=\"listing-item-container listing-geo-data\"  \r\n\t\tdata-title=\"Caminata Silvestre, Parque Municipal\"\r\n\t\tdata-listing-type=\"service\"\r\n\t\tdata-classifieds-price=\"&#36;\"\r\n\t\tdata-friendly-address=\"\"\r\n\t\tdata-address=\"Jos\u00e9 Salgado Oeste, Lobos, Partido de Lobos, Buenos Aires, 7240, Argentina\"\r\n\t\tdata-image=\"https:\/\/municipiodelobos.gob.ar\/turismo\/wp-content\/uploads\/2024\/10\/117594657_1223387054669211_3476335937684991204_n-520x397.jpg\"\r\n\t\tdata-longitude=\"-35.1859147\"\r\n\t\tdata-latitude=\"-59.1042942\"\r\n\t\t\t\tdata-icon=\"&lt;i class=&quot;fab fa-500px&quot;&gt;&lt;\/i&gt;\"\r\n\r\n\t>\r\n    <div class=\"listing-item  \">\r\n        \r\n        <div class=\"listing-small-badges-container\">\r\n             \r\n                                                            \r\n        <\/div>\r\n        <img loading=\"lazy\" decoding=\"async\" width=\"520\" height=\"397\" src=\"https:\/\/municipiodelobos.gob.ar\/turismo\/wp-content\/uploads\/2024\/10\/117594657_1223387054669211_3476335937684991204_n-520x397.jpg\" class=\"attachment-listeo-listing-grid size-listeo-listing-grid wp-post-image\" alt=\"\" \/>        \r\n                \r\n        <div class=\"listing-item-content\">\r\n\r\n                            <span class=\"tag\">Sabores &amp; Saberes<\/span>\r\n            \r\n            <h3>Caminata Silvestre, Parque Municipal <\/h3>\r\n            <span>Jos\u00e9 Salgado Oeste, Lobos, Partido de Lobos, Buenos Aires, 7240, Argentina<\/span>\r\n        <\/div>\r\n                            <span class=\"save like-icon tooltip left\"  title=\"Visitar\"  ><\/span>\r\n                            <\/div>\r\n    \r\n        \r\n<\/a>\r\n\r\n    <\/div>\r\n\r\n\r\n<!-- Listing Item \/ End --><!-- Listing Item -->\r\n<div class=\"col-lg-6 col-md-12\"><a href=\"https:\/\/municipiodelobos.gob.ar\/turismo\/listing\/caminata-silvestre-plaza-1810-2\/\" class=\"listing-item-container listing-geo-data\"  \r\n\t\tdata-title=\"Caminata Silvestre, Plaza 1810\"\r\n\t\tdata-listing-type=\"service\"\r\n\t\tdata-classifieds-price=\"&#36;\"\r\n\t\tdata-friendly-address=\"\"\r\n\t\tdata-address=\"Plaza 1810, Lobos, Partido de Lobos, Buenos Aires, 7240, Argentina\"\r\n\t\tdata-image=\"https:\/\/municipiodelobos.gob.ar\/turismo\/wp-content\/uploads\/2024\/10\/IMG-20240721-WA0030-520x397.jpg\"\r\n\t\tdata-longitude=\"-35.185373299999995\"\r\n\t\tdata-latitude=\"-59.097836995952264\"\r\n\t\t\t\tdata-icon=\"&lt;i class=&quot;fab fa-500px&quot;&gt;&lt;\/i&gt;\"\r\n\r\n\t>\r\n    <div class=\"listing-item  \">\r\n        \r\n        <div class=\"listing-small-badges-container\">\r\n             \r\n                                                            \r\n        <\/div>\r\n        <img loading=\"lazy\" decoding=\"async\" width=\"520\" height=\"397\" src=\"https:\/\/municipiodelobos.gob.ar\/turismo\/wp-content\/uploads\/2024\/10\/IMG-20240721-WA0030-520x397.jpg\" class=\"attachment-listeo-listing-grid size-listeo-listing-grid wp-post-image\" alt=\"\" \/>        \r\n                \r\n        <div class=\"listing-item-content\">\r\n\r\n                            <span class=\"tag\">Sabores &amp; Saberes<\/span>\r\n            \r\n            <h3>Caminata Silvestre, Plaza 1810 <\/h3>\r\n            <span>Plaza 1810, Lobos, Partido de Lobos, Buenos Aires, 7240, Argentina<\/span>\r\n        <\/div>\r\n                            <span class=\"save like-icon tooltip left\"  title=\"Visitar\"  ><\/span>\r\n                            <\/div>\r\n    \r\n        \r\n<\/a>\r\n\r\n    <\/div>\r\n\r\n\r\n<!-- Listing Item \/ End --><!-- Listing Item -->\r\n<div class=\"col-lg-6 col-md-12\"><a href=\"https:\/\/municipiodelobos.gob.ar\/turismo\/listing\/circuito-cementerio-2\/\" class=\"listing-item-container listing-geo-data\"  \r\n\t\tdata-title=\"Circuito Cementerio\"\r\n\t\tdata-listing-type=\"service\"\r\n\t\tdata-classifieds-price=\"&#36;\"\r\n\t\tdata-friendly-address=\"\"\r\n\t\tdata-address=\"Cementerio Municipal de Lobos, Empalme Lobos, Partido de Lobos, Buenos Aires, Argentina\"\r\n\t\tdata-image=\"https:\/\/municipiodelobos.gob.ar\/turismo\/wp-content\/uploads\/2024\/10\/20220826_101135-520x397.jpg\"\r\n\t\tdata-longitude=\"-35.2033759\"\r\n\t\tdata-latitude=\"-59.090911712964015\"\r\n\t\t\t\tdata-icon=\"&lt;i class=&quot;fab fa-500px&quot;&gt;&lt;\/i&gt;\"\r\n\r\n\t>\r\n    <div class=\"listing-item  \">\r\n        \r\n        <div class=\"listing-small-badges-container\">\r\n             \r\n                                                            \r\n        <\/div>\r\n        <img loading=\"lazy\" decoding=\"async\" width=\"520\" height=\"397\" src=\"https:\/\/municipiodelobos.gob.ar\/turismo\/wp-content\/uploads\/2024\/10\/20220826_101135-520x397.jpg\" class=\"attachment-listeo-listing-grid size-listeo-listing-grid wp-post-image\" alt=\"\" \/>        \r\n                \r\n        <div class=\"listing-item-content\">\r\n\r\n                            <span class=\"tag\">Sabores &amp; Saberes<\/span>\r\n            \r\n            <h3>Circuito Cementerio <\/h3>\r\n            <span>Cementerio Municipal de Lobos, Empalme Lobos, Partido de Lobos, Buenos Aires, Argentina<\/span>\r\n        <\/div>\r\n                            <span class=\"save like-icon tooltip left\"  title=\"Visitar\"  ><\/span>\r\n                            <\/div>\r\n    \r\n        \r\n<\/a>\r\n\r\n    <\/div>\r\n\r\n\r\n<!-- Listing Item \/ End --><!-- Listing Item -->\r\n<div class=\"col-lg-6 col-md-12\"><a href=\"https:\/\/municipiodelobos.gob.ar\/turismo\/listing\/circuito-empalme-lobos-2\/\" class=\"listing-item-container listing-geo-data\"  \r\n\t\tdata-title=\"Circuito Empalme Lobos\"\r\n\t\tdata-listing-type=\"service\"\r\n\t\tdata-classifieds-price=\"&#36;\"\r\n\t\tdata-friendly-address=\"\"\r\n\t\tdata-address=\"Empalme Lobos, Partido de Lobos, Buenos Aires, 7240, Argentina\"\r\n\t\tdata-image=\"https:\/\/municipiodelobos.gob.ar\/turismo\/wp-content\/uploads\/2024\/10\/WhatsApp-Image-2024-10-14-at-09.40.37-520x397.jpeg\"\r\n\t\tdata-longitude=\"-35.1643411\"\r\n\t\tdata-latitude=\"-59.0887591\"\r\n\t\t\t\tdata-icon=\"&lt;i class=&quot;fab fa-500px&quot;&gt;&lt;\/i&gt;\"\r\n\r\n\t>\r\n    <div class=\"listing-item  \">\r\n        \r\n        <div class=\"listing-small-badges-container\">\r\n             \r\n                                                            \r\n        <\/div>\r\n        <img loading=\"lazy\" decoding=\"async\" width=\"520\" height=\"397\" src=\"https:\/\/municipiodelobos.gob.ar\/turismo\/wp-content\/uploads\/2024\/10\/WhatsApp-Image-2024-10-14-at-09.40.37-520x397.jpeg\" class=\"attachment-listeo-listing-grid size-listeo-listing-grid wp-post-image\" alt=\"\" \/>        \r\n                \r\n        <div class=\"listing-item-content\">\r\n\r\n                            <span class=\"tag\">Sabores &amp; Saberes<\/span>\r\n            \r\n            <h3>Circuito Empalme Lobos <\/h3>\r\n            <span>Empalme Lobos, Partido de Lobos, Buenos Aires, 7240, Argentina<\/span>\r\n        <\/div>\r\n                            <span class=\"save like-icon tooltip left\"  title=\"Visitar\"  ><\/span>\r\n                            <\/div>\r\n    \r\n        \r\n<\/a>\r\n\r\n    <\/div>\r\n\r\n\r\n<!-- Listing Item \/ End --><!-- Listing Item -->\r\n<div class=\"col-lg-6 col-md-12\"><a href=\"https:\/\/municipiodelobos.gob.ar\/turismo\/listing\/espectaculos\/\" class=\"listing-item-container listing-geo-data\"  \r\n\t\tdata-title=\"Espectaculos\"\r\n\t\tdata-listing-type=\"service\"\r\n\t\tdata-classifieds-price=\"&#36;\"\r\n\t\tdata-friendly-address=\"Lobos, Buenos Aires, Argentina\"\r\n\t\tdata-address=\"Lobos, Buenos Aires, Argentina\"\r\n\t\tdata-image=\"https:\/\/municipiodelobos.gob.ar\/turismo\/wp-content\/uploads\/2024\/10\/musica-teatral-festiva-baile-comida-tipica-fiestas-junio_209190-89602-520x397.jpg\"\r\n\t\tdata-longitude=\"-35.1861976\"\r\n\t\tdata-latitude=\"-59.09508533562332\"\r\n\t\t\t\tdata-icon=\"&lt;i class=&quot;fab fa-500px&quot;&gt;&lt;\/i&gt;\"\r\n\r\n\t>\r\n    <div class=\"listing-item  \">\r\n        \r\n        <div class=\"listing-small-badges-container\">\r\n             \r\n                                                            \r\n        <\/div>\r\n        <img loading=\"lazy\" decoding=\"async\" width=\"520\" height=\"397\" src=\"https:\/\/municipiodelobos.gob.ar\/turismo\/wp-content\/uploads\/2024\/10\/musica-teatral-festiva-baile-comida-tipica-fiestas-junio_209190-89602-520x397.jpg\" class=\"attachment-listeo-listing-grid size-listeo-listing-grid wp-post-image\" alt=\"\" \/>        \r\n                \r\n        <div class=\"listing-item-content\">\r\n\r\n                            <span class=\"tag\">Sabores &amp; Saberes<\/span>\r\n            \r\n            <h3>Espectaculos <\/h3>\r\n            <span>Lobos, Buenos Aires, Argentina<\/span>\r\n        <\/div>\r\n                            <span class=\"save like-icon tooltip left\"  title=\"Visitar\"  ><\/span>\r\n                            <\/div>\r\n    \r\n        \r\n<\/a>\r\n\r\n    <\/div>\r\n\r\n\r\n<!-- Listing Item \/ End --><!-- Listing Item -->\r\n<div class=\"col-lg-6 col-md-12\"><a href=\"https:\/\/municipiodelobos.gob.ar\/turismo\/listing\/gastronomia-regional-yolanda-martinez\/\" class=\"listing-item-container listing-geo-data\"  \r\n\t\tdata-title=\"Gastronom\u00eda Regional &#8211; Yolanda Martinez\"\r\n\t\tdata-listing-type=\"service\"\r\n\t\tdata-classifieds-price=\"&#36;\"\r\n\t\tdata-friendly-address=\"\"\r\n\t\tdata-address=\"\"\r\n\t\tdata-image=\"https:\/\/municipiodelobos.gob.ar\/turismo\/wp-content\/uploads\/2024\/10\/quimeiquipan-520x397.jpg\"\r\n\t\tdata-longitude=\"\"\r\n\t\tdata-latitude=\"\"\r\n\t\t\t\tdata-icon=\"&lt;i class=&quot;fab fa-500px&quot;&gt;&lt;\/i&gt;\"\r\n\r\n\t>\r\n    <div class=\"listing-item  \">\r\n        \r\n        <div class=\"listing-small-badges-container\">\r\n             \r\n                                                            \r\n        <\/div>\r\n        <img loading=\"lazy\" decoding=\"async\" width=\"520\" height=\"397\" src=\"https:\/\/municipiodelobos.gob.ar\/turismo\/wp-content\/uploads\/2024\/10\/quimeiquipan-520x397.jpg\" class=\"attachment-listeo-listing-grid size-listeo-listing-grid wp-post-image\" alt=\"\" \/>        \r\n                \r\n        <div class=\"listing-item-content\">\r\n\r\n                            <span class=\"tag\">Sabores &amp; Saberes<\/span>\r\n            \r\n            <h3>Gastronom\u00eda Regional &#8211; Yolanda Martinez <\/h3>\r\n            \r\n        <\/div>\r\n                            <span class=\"save like-icon tooltip left\"  title=\"Visitar\"  ><\/span>\r\n                            <\/div>\r\n    \r\n        \r\n<\/a>\r\n\r\n    <\/div>\r\n\r\n\r\n<!-- Listing Item \/ End -->\t\t\t<\/div>\r\n\t\t\t<div class=\"pagination-container margin-top-20 margin-bottom-20 ajax-search\">\r\n\t\t\t\t\t\t\t<\/div>\r\n\t\t\t<\/div>\n\t\t\t\t\t\t<\/div>\n\t\t\t\t<\/div>\n\t\t\t\t\t<\/div>\n\t\t\t\t<\/div>\n\t\t\t\t<\/div>\n\t\t","protected":false},"excerpt":{"rendered":"<p>A pesar de su tranquilidad, tiene una vida cultural vibrante, impulsada por formaci\u00f3n accesible y una industria alimenticia que fusiona tradici\u00f3n e innovaci\u00f3n.<\/p>\n","protected":false},"author":1,"featured_media":0,"parent":0,"menu_order":0,"comment_status":"closed","ping_status":"closed","template":"","meta":{"_monsterinsights_skip_tracking":false,"_monsterinsights_sitenote_active":false,"_monsterinsights_sitenote_note":"","_monsterinsights_sitenote_category":0,"footnotes":""},"class_list":["post-637","page","type-page","status-publish","hentry"],"yoast_head":"<!-- This site is optimized with the Yoast SEO plugin v25.5 - https:\/\/yoast.com\/wordpress\/plugins\/seo\/ -->\n<title>Sabores &amp; Saberes - Turismo Lobos<\/title>\n<meta name=\"robots\" content=\"noindex, follow, max-snippet:-1, max-image-preview:large, max-video-preview:-1\" \/>\n<meta property=\"og:locale\" content=\"es_ES\" \/>\n<meta property=\"og:type\" content=\"article\" \/>\n<meta property=\"og:title\" content=\"Sabores &amp; Saberes - Turismo Lobos\" \/>\n<meta property=\"og:description\" content=\"A pesar de su tranquilidad, tiene una vida cultural vibrante, impulsada por formaci\u00f3n accesible y una industria alimenticia que fusiona tradici\u00f3n e innovaci\u00f3n.\" \/>\n<meta property=\"og:url\" content=\"https:\/\/municipiodelobos.gob.ar\/turismo\/sabores-saberes\/\" \/>\n<meta property=\"og:site_name\" content=\"Turismo Lobos\" \/>\n<meta property=\"article:modified_time\" content=\"2025-07-30T16:53:23+00:00\" \/>\n<meta name=\"twitter:card\" content=\"summary_large_image\" \/>\n<meta name=\"twitter:label1\" content=\"Tiempo de lectura\" \/>\n\t<meta name=\"twitter:data1\" content=\"1 minuto\" \/>\n<script type=\"application\/ld+json\" class=\"yoast-schema-graph\">{\"@context\":\"https:\/\/schema.org\",\"@graph\":[{\"@type\":\"WebPage\",\"@id\":\"https:\/\/municipiodelobos.gob.ar\/turismo\/sabores-saberes\/\",\"url\":\"https:\/\/municipiodelobos.gob.ar\/turismo\/sabores-saberes\/\",\"name\":\"Sabores & Saberes - Turismo Lobos\",\"isPartOf\":{\"@id\":\"https:\/\/municipiodelobos.gob.ar\/turismo\/#website\"},\"datePublished\":\"2024-10-04T04:51:10+00:00\",\"dateModified\":\"2025-07-30T16:53:23+00:00\",\"breadcrumb\":{\"@id\":\"https:\/\/municipiodelobos.gob.ar\/turismo\/sabores-saberes\/#breadcrumb\"},\"inLanguage\":\"es\",\"potentialAction\":[{\"@type\":\"ReadAction\",\"target\":[\"https:\/\/municipiodelobos.gob.ar\/turismo\/sabores-saberes\/\"]}]},{\"@type\":\"BreadcrumbList\",\"@id\":\"https:\/\/municipiodelobos.gob.ar\/turismo\/sabores-saberes\/#breadcrumb\",\"itemListElement\":[{\"@type\":\"ListItem\",\"position\":1,\"name\":\"Portada\",\"item\":\"https:\/\/municipiodelobos.gob.ar\/turismo\/\"},{\"@type\":\"ListItem\",\"position\":2,\"name\":\"Sabores &#038; Saberes\"}]},{\"@type\":\"WebSite\",\"@id\":\"https:\/\/municipiodelobos.gob.ar\/turismo\/#website\",\"url\":\"https:\/\/municipiodelobos.gob.ar\/turismo\/\",\"name\":\"Turismo Lobos\",\"description\":\"Direcci\u00f3n de Turismo - Municipio de Lobos\",\"potentialAction\":[{\"@type\":\"SearchAction\",\"target\":{\"@type\":\"EntryPoint\",\"urlTemplate\":\"https:\/\/municipiodelobos.gob.ar\/turismo\/?s={search_term_string}\"},\"query-input\":{\"@type\":\"PropertyValueSpecification\",\"valueRequired\":true,\"valueName\":\"search_term_string\"}}],\"inLanguage\":\"es\"}]}<\/script>\n<!-- \/ Yoast SEO plugin. -->","yoast_head_json":{"title":"Sabores & Saberes - Turismo Lobos","robots":{"index":"noindex","follow":"follow","max-snippet":"max-snippet:-1","max-image-preview":"max-image-preview:large","max-video-preview":"max-video-preview:-1"},"og_locale":"es_ES","og_type":"article","og_title":"Sabores & Saberes - Turismo Lobos","og_description":"A pesar de su tranquilidad, tiene una vida cultural vibrante, impulsada por formaci\u00f3n accesible y una industria alimenticia que fusiona tradici\u00f3n e innovaci\u00f3n.","og_url":"https:\/\/municipiodelobos.gob.ar\/turismo\/sabores-saberes\/","og_site_name":"Turismo Lobos","article_modified_time":"2025-07-30T16:53:23+00:00","twitter_card":"summary_large_image","twitter_misc":{"Tiempo de lectura":"1 minuto"},"schema":{"@context":"https:\/\/schema.org","@graph":[{"@type":"WebPage","@id":"https:\/\/municipiodelobos.gob.ar\/turismo\/sabores-saberes\/","url":"https:\/\/municipiodelobos.gob.ar\/turismo\/sabores-saberes\/","name":"Sabores & Saberes - Turismo Lobos","isPartOf":{"@id":"https:\/\/municipiodelobos.gob.ar\/turismo\/#website"},"datePublished":"2024-10-04T04:51:10+00:00","dateModified":"2025-07-30T16:53:23+00:00","breadcrumb":{"@id":"https:\/\/municipiodelobos.gob.ar\/turismo\/sabores-saberes\/#breadcrumb"},"inLanguage":"es","potentialAction":[{"@type":"ReadAction","target":["https:\/\/municipiodelobos.gob.ar\/turismo\/sabores-saberes\/"]}]},{"@type":"BreadcrumbList","@id":"https:\/\/municipiodelobos.gob.ar\/turismo\/sabores-saberes\/#breadcrumb","itemListElement":[{"@type":"ListItem","position":1,"name":"Portada","item":"https:\/\/municipiodelobos.gob.ar\/turismo\/"},{"@type":"ListItem","position":2,"name":"Sabores &#038; Saberes"}]},{"@type":"WebSite","@id":"https:\/\/municipiodelobos.gob.ar\/turismo\/#website","url":"https:\/\/municipiodelobos.gob.ar\/turismo\/","name":"Turismo Lobos","description":"Direcci\u00f3n de Turismo - Municipio de Lobos","potentialAction":[{"@type":"SearchAction","target":{"@type":"EntryPoint","urlTemplate":"https:\/\/municipiodelobos.gob.ar\/turismo\/?s={search_term_string}"},"query-input":{"@type":"PropertyValueSpecification","valueRequired":true,"valueName":"search_term_string"}}],"inLanguage":"es"}]}},"_links":{"self":[{"href":"https:\/\/municipiodelobos.gob.ar\/turismo\/wp-json\/wp\/v2\/pages\/637","targetHints":{"allow":["GET"]}}],"collection":[{"href":"https:\/\/municipiodelobos.gob.ar\/turismo\/wp-json\/wp\/v2\/pages"}],"about":[{"href":"https:\/\/municipiodelobos.gob.ar\/turismo\/wp-json\/wp\/v2\/types\/page"}],"author":[{"embeddable":true,"href":"https:\/\/municipiodelobos.gob.ar\/turismo\/wp-json\/wp\/v2\/users\/1"}],"replies":[{"embeddable":true,"href":"https:\/\/municipiodelobos.gob.ar\/turismo\/wp-json\/wp\/v2\/comments?post=637"}],"version-history":[{"count":16,"href":"https:\/\/municipiodelobos.gob.ar\/turismo\/wp-json\/wp\/v2\/pages\/637\/revisions"}],"predecessor-version":[{"id":2540,"href":"https:\/\/municipiodelobos.gob.ar\/turismo\/wp-json\/wp\/v2\/pages\/637\/revisions\/2540"}],"wp:attachment":[{"href":"https:\/\/municipiodelobos.gob.ar\/turismo\/wp-json\/wp\/v2\/media?parent=637"}],"curies":[{"name":"wp","href":"https:\/\/api.w.org\/{rel}","templated":true}]}}